{"id":5431,"date":"2023-12-10T09:46:32","date_gmt":"2023-12-10T08:46:32","guid":{"rendered":"https:\/\/morjkawa-neuisenburg.de\/reservieren\/"},"modified":"2025-05-11T10:51:56","modified_gmt":"2025-05-11T08:51:56","slug":"reservieren","status":"publish","type":"page","link":"https:\/\/www.morjkawa-neuisenburg.de\/en\/reservieren\/","title":{"rendered":"Reservation"},"content":{"rendered":"\t\t<div data-elementor-type=\"wp-page\" data-elementor-id=\"5431\" class=\"elementor elementor-5431 elementor-409\">\n\t\t\t\t\t\t<section class=\"elementor-section elementor-top-section elementor-element elementor-element-4bf605f elementor-section-height-min-height pt-section-content-fullwidth pt-parallax-on-scroll pt_scroll_y_80 elementor-section-boxed elementor-section-height-default elementor-section-items-middle\" data-id=\"4bf605f\" data-element_type=\"section\" data-settings=\"{&quot;background_background&quot;:&quot;classic&quot;}\" data-pt-parallax-y=\"80\" style=\"background-image: none;\" data-pt-background-image=\"https:\/\/morjkawa-neuisenburg.de\/wp-content\/uploads\/2025\/04\/Morjkawa-Neuisenburg-Startseite-Hero-Slider.webp\">\n\t\t\t\t\t\t\t<div class=\"elementor-background-overlay\"><\/div>\n\t\t\t\t\t\t\t<div class=\"elementor-container elementor-column-gap-no\">\n\t\t\t\t\t<div class=\"elementor-column elementor-col-100 elementor-top-column elementor-element elementor-element-5b295d29\" data-id=\"5b295d29\" data-element_type=\"column\">\n\t\t\t<div class=\"elementor-widget-wrap elementor-element-populated\">\n\t\t\t\t\t\t<div class=\"elementor-element elementor-element-91de444 elementor-widget elementor-widget-image\" data-id=\"91de444\" data-element_type=\"widget\" data-widget_type=\"image.default\">\n\t\t\t\t<div class=\"elementor-widget-container\">\n\t\t\t\t\t\t\t\t\t\t\t\t\t\t\t<img decoding=\"async\" width=\"112\" height=\"79\" src=\"https:\/\/www.morjkawa-neuisenburg.de\/wp-content\/uploads\/2024\/03\/icon-dining-white.png\" class=\"attachment-large size-large wp-image-5318\" alt=\"\" \/>\t\t\t\t\t\t\t\t\t\t\t\t\t\t\t<\/div>\n\t\t\t\t<\/div>\n\t\t\t\t<div class=\"elementor-element elementor-element-17f1ed20 elementor-widget elementor-widget-pt_title\" data-id=\"17f1ed20\" data-element_type=\"widget\" data-widget_type=\"pt_title.default\">\n\t\t\t\t<div class=\"elementor-widget-container\">\n\t\t\t\t\t\n        <div class=\"pt-title-wrap text-center\">\t            <h1 class=\"pt-title\">\n\t                Secure your seat at Morjkawa Restaurant\t            <\/h1>        <\/div>\t\t\t\t<\/div>\n\t\t\t\t<\/div>\n\t\t\t\t<div class=\"elementor-element elementor-element-4c058cb7 elementor-widget elementor-widget-pt_title\" data-id=\"4c058cb7\" data-element_type=\"widget\" data-widget_type=\"pt_title.default\">\n\t\t\t\t<div class=\"elementor-widget-container\">\n\t\t\t\t\t\n        <div class=\"pt-title-wrap text-center\">\t            <div class=\"pt-subtitle-wrap\"><span class=\"pt-subtitle color-white style-bordered\">Simply reserve online<\/span><\/div>        <\/div>\t\t\t\t<\/div>\n\t\t\t\t<\/div>\n\t\t\t\t\t<\/div>\n\t\t<\/div>\n\t\t\t\t\t<\/div>\n\t\t<\/section>\n\t\t\t\t<section class=\"elementor-section elementor-top-section elementor-element elementor-element-b6fbea9 elementor-section-boxed elementor-section-height-default elementor-section-height-default\" data-id=\"b6fbea9\" data-element_type=\"section\">\n\t\t\t\t\t\t<div class=\"elementor-container elementor-column-gap-no\">\n\t\t\t\t\t<div class=\"elementor-column elementor-col-100 elementor-top-column elementor-element elementor-element-f495ad4\" data-id=\"f495ad4\" data-element_type=\"column\">\n\t\t\t<div class=\"elementor-widget-wrap elementor-element-populated\">\n\t\t\t\t\t\t<div class=\"elementor-element elementor-element-6934759 elementor-widget elementor-widget-pt_title\" data-id=\"6934759\" data-element_type=\"widget\" data-widget_type=\"pt_title.default\">\n\t\t\t\t<div class=\"elementor-widget-container\">\n\t\t\t\t\t\n        <div class=\"pt-title-wrap text-center\">\t            <h3 class=\"pt-title\">\n\t                Plan Your Visit With Us\t            <\/h3>\t            <div class=\"pt-title-text\">\n\t                Use our simple online reservation system to ensure your table is ready when you arrive. For special occasions or group bookings, please contact us directly \u2013 we\u2019re happy to help you plan the perfect event.\t            <\/div>        <\/div>\t\t\t\t<\/div>\n\t\t\t\t<\/div>\n\t\t\t\t<div class=\"elementor-element elementor-element-588c807 elementor-widget elementor-widget-shortcode\" data-id=\"588c807\" data-element_type=\"widget\" data-widget_type=\"shortcode.default\">\n\t\t\t\t<div class=\"elementor-widget-container\">\n\t\t\t\t\t\t\t<div class=\"elementor-shortcode\">\n\t<script type=\"text\/javascript\">\n        var ajaxurl = 'https:\/\/www.morjkawa-neuisenburg.de\/wp-admin\/admin-ajax.php';\n    <\/script>\n\n    <style>#rtb-time_root .picker__list .picker__list-item.picker__list-item--disabled { display: none; }<\/style>\n    \n<div class=\"rtb-booking-form\">\n\t\n\t\n\t\n\t\n\t<form method=\"POST\" action=\"\" class=\"rtb-booking-form-form\">\n\t\t<input type=\"hidden\" name=\"action\" value=\"booking_request\">\n\n\t\t\n\t\t\n\t\t\n\t\t\t\t<fieldset class=\"reservation\">\n\n\t\t\t\t\t\t<legend >\n\t\t\t\tBook a table\t\t\t<\/legend>\n\t\t\t\n\t\t\t\n\t<div class=\"rtb-text date\">\n\t\t\t\t<label for=\"rtb-date\">\n\t\t\tDate\t\t<\/label>\n\t\t<input type=\"text\" name=\"rtb-date\" id=\"rtb-date\" value=\"\" required aria-required=\"true\">\n\t<\/div>\n\n\t\n\t<div class=\"rtb-text time\">\n\t\t\t\t<label for=\"rtb-time\">\n\t\t\tTime\t\t<\/label>\n\t\t<input type=\"text\" name=\"rtb-time\" id=\"rtb-time\" value=\"\" required aria-required=\"true\">\n\t<\/div>\n\n\t\n\t<div class=\"rtb-select party\">\n\t\t\t\t<label for=\"rtb-party\">\n\t\t\tParty\t\t<\/label>\n\t\t<select name=\"rtb-party\" id=\"rtb-party\" required aria-required=\"true\"  data-selected=\"\">\n\t\t\t\t\t\t\t\t\t<option value=\"2\" >2<\/option>\n\t\t\t\t\t\t<option value=\"3\" >3<\/option>\n\t\t\t\t\t\t<option value=\"4\" >4<\/option>\n\t\t\t\t\t\t<option value=\"5\" >5<\/option>\n\t\t\t\t\t\t<option value=\"6\" >6<\/option>\n\t\t\t\t\t\t<option value=\"7\" >7<\/option>\n\t\t\t\t\t\t<option value=\"8\" >8<\/option>\n\t\t\t\t\t\t<option value=\"9\" >9<\/option>\n\t\t\t\t\t\t<option value=\"10\" >10<\/option>\n\t\t\t\t\t\t<option value=\"11\" >11<\/option>\n\t\t\t\t\t\t<option value=\"12\" >12<\/option>\n\t\t\t\t\t\t<option value=\"13\" >13<\/option>\n\t\t\t\t\t\t<option value=\"14\" >14<\/option>\n\t\t\t\t\t\t<option value=\"15\" >15<\/option>\n\t\t\t\t\t<\/select>\n\t<\/div>\n\n\t\t\t<\/fieldset>\n\t\t\t\t<fieldset class=\"rtb-contact\">\n\n\t\t\t\t\t\t<legend >\n\t\t\t\tContact Details\t\t\t<\/legend>\n\t\t\t\n\t\t\t\n\t<div class=\"rtb-text name\">\n\t\t\t\t<label for=\"rtb-name\">\n\t\t\tName\t\t<\/label>\n\t\t<input type=\"text\" name=\"rtb-name\" id=\"rtb-name\" value=\"\" required aria-required=\"true\">\n\t<\/div>\n\n\t\n\t<div class=\"rtb-text email\">\n\t\t\t\t<label for=\"rtb-email\">\n\t\t\tEmail\t\t<\/label>\n\t\t<input type=\"email\" name=\"rtb-email\" id=\"rtb-email\" value=\"\" required aria-required=\"true\">\n\t<\/div>\n\n\t\n\t<div class=\"rtb-text phone\">\n\t\t\t\t<label for=\"rtb-phone\">\n\t\t\tPhone\t\t<\/label>\n\t\t<input type=\"tel\" name=\"rtb-phone\" id=\"rtb-phone\" value=\"\">\n\t<\/div>\n\n\t\n\t<div class=\"add-message\">\n\t\t<a href=\"#\">\n\t\t\tAdd a Message\t\t<\/a>\n\t<\/div>\n\n\t\n\t<div class=\"rtb-textarea message\">\n\t\t\t\t<label for=\"rtb-message\">\n\t\t\tMessage\t\t<\/label>\n\t\t<textarea name=\"rtb-message\" id=\"rtb-message\"><\/textarea>\n\t<\/div>\n\n\t\t\t<\/fieldset>\n\t\t\n\t\t\n\t\t<fieldset class=\"rtb-form-footer\">\n\t\t\t<div id='rtb_recaptcha'><\/div>\n\t\t\t\n\t\t\t<div class=\"rtb-form-submit\"><button type=\"submit\">Request Booking<\/button><\/div>\t\t<\/fieldset>\n\n\n\t<\/form>\n\n\t\n\t\n\t<\/div>\n\n\t<\/div>\n\t\t\t\t\t\t<\/div>\n\t\t\t\t<\/div>\n\t\t\t\t\t<\/div>\n\t\t<\/div>\n\t\t\t\t\t<\/div>\n\t\t<\/section>\n\t\t\t\t<\/div>\n\t\t","protected":false},"excerpt":{"rendered":"<p>Secure your seat at Morjkawa Restaurant Simply reserve online Plan Your Visit With Us Use our simple online reservation system to ensure your table is ready when you arrive. For special occasions or group bookings, please contact us directly \u2013 we\u2019re happy to help you plan the perfect event.<\/p>\n","protected":false},"author":1,"featured_media":0,"parent":0,"menu_order":0,"comment_status":"closed","ping_status":"closed","template":"template-wide-content.php","meta":{"patiotime_single_page_hide_site_header":"","patiotime_single_page_site_header_source":"","patiotime_single_page_custom_site_header":"0","patiotime_single_page_custom_sticky_site_header":"0","patiotime_single_page_custom_page_title_margin_top_source":"","patiotime_single_page_custom_page_title_desktop_margin_top":"","patiotime_single_page_custom_page_title_tablet_margin_top":"","patiotime_single_page_custom_page_title_mobile_margin_top":"","patiotime_single_page_hide_page_title":"on","patiotime_single_page_header_section_size":"","patiotime_single_page_header_background_color":"","patiotime_single_page_header_background_position_x":"center","patiotime_single_page_header_background_position_y":"center","patiotime_single_page_header_background_size":"cover","patiotime_single_page_header_background_repeat":"off","patiotime_single_page_header_background_scroll":"on","patiotime_single_page_header_text_color":"","patiotime_single_page_header_show_breadcrumb":"","patiotime_single_page_site_footer_hide_main":"","patiotime_single_custom_site_footer_main_source":"","patiotime_single_custom_site_footer_main":"0","patiotime_single_page_site_footer_hide_above":"","patiotime_single_custom_site_footer_above_source":"","patiotime_single_custom_site_footer_above":"0","patiotime_single_page_site_footer_hide_instagram":"","patiotime_single_page_site_footer_hide_bottom":"","patiotime_single_custom_mobile_menu_source":"","patiotime_single_custom_mobile_menu":"0","patiotime_single_custom_mobile_menu_animation":"","patiotime_single_custom_mobile_menu_width":"","patiotime_single_custom_mobile_menu_custom_width":375,"footnotes":""},"class_list":["post-5431","page","type-page","status-publish","hentry"],"yoast_head":"<!-- This site is optimized with the Yoast SEO plugin v25.0 - https:\/\/yoast.com\/wordpress\/plugins\/seo\/ -->\n<title>Morjkawa Neuisenburg \u2013 Tisch reservieren im Asia-Restaurant<\/title>\n<meta name=\"description\" content=\"Jetzt Tisch im Morjkawa Restaurant Neuisenburg reservieren \u2013 vietnamesische &amp; japanische K\u00fcche, Sushi &amp; asiatische Spezialit\u00e4ten in stilvollem Ambiente genie\u00dfen.\" \/>\n<meta name=\"robots\" content=\"index, follow, max-snippet:-1, max-image-preview:large, max-video-preview:-1\" \/>\n<link rel=\"canonical\" href=\"https:\/\/www.morjkawa-neuisenburg.de\/en\/reservieren\/\" \/>\n<meta property=\"og:locale\" content=\"en_US\" \/>\n<meta property=\"og:type\" content=\"article\" \/>\n<meta property=\"og:title\" content=\"Morjkawa Neuisenburg \u2013 Tisch reservieren im Asia-Restaurant\" \/>\n<meta property=\"og:description\" content=\"Jetzt Tisch im Morjkawa Restaurant Neuisenburg reservieren \u2013 vietnamesische &amp; japanische K\u00fcche, Sushi &amp; asiatische Spezialit\u00e4ten in stilvollem Ambiente genie\u00dfen.\" \/>\n<meta property=\"og:url\" content=\"https:\/\/www.morjkawa-neuisenburg.de\/en\/reservieren\/\" \/>\n<meta property=\"og:site_name\" content=\"Morjkawa Neuisenburg\" \/>\n<meta property=\"article:modified_time\" content=\"2025-05-11T08:51:56+00:00\" \/>\n<meta property=\"og:image\" content=\"https:\/\/morjkawa-neuisenburg.de\/wp-content\/uploads\/2024\/03\/icon-dining-white.png\" \/>\n<meta name=\"twitter:card\" content=\"summary_large_image\" \/>\n<meta name=\"twitter:label1\" content=\"Est. reading time\" \/>\n\t<meta name=\"twitter:data1\" content=\"1 minute\" \/>\n<script type=\"application\/ld+json\" class=\"yoast-schema-graph\">{\"@context\":\"https:\/\/schema.org\",\"@graph\":[{\"@type\":\"WebPage\",\"@id\":\"https:\/\/www.morjkawa-neuisenburg.de\/en\/reservieren\/\",\"url\":\"https:\/\/www.morjkawa-neuisenburg.de\/en\/reservieren\/\",\"name\":\"Morjkawa Neuisenburg \u2013 Tisch reservieren im Asia-Restaurant\",\"isPartOf\":{\"@id\":\"https:\/\/www.morjkawa-neuisenburg.de\/en\/#website\"},\"primaryImageOfPage\":{\"@id\":\"https:\/\/www.morjkawa-neuisenburg.de\/en\/reservieren\/#primaryimage\"},\"image\":{\"@id\":\"https:\/\/www.morjkawa-neuisenburg.de\/en\/reservieren\/#primaryimage\"},\"thumbnailUrl\":\"https:\/\/morjkawa-neuisenburg.de\/wp-content\/uploads\/2024\/03\/icon-dining-white.png\",\"datePublished\":\"2023-12-10T08:46:32+00:00\",\"dateModified\":\"2025-05-11T08:51:56+00:00\",\"description\":\"Jetzt Tisch im Morjkawa Restaurant Neuisenburg reservieren \u2013 vietnamesische & japanische K\u00fcche, Sushi & asiatische Spezialit\u00e4ten in stilvollem Ambiente genie\u00dfen.\",\"breadcrumb\":{\"@id\":\"https:\/\/www.morjkawa-neuisenburg.de\/en\/reservieren\/#breadcrumb\"},\"inLanguage\":\"en-US\",\"potentialAction\":[{\"@type\":\"ReadAction\",\"target\":[\"https:\/\/www.morjkawa-neuisenburg.de\/en\/reservieren\/\"]}]},{\"@type\":\"ImageObject\",\"inLanguage\":\"en-US\",\"@id\":\"https:\/\/www.morjkawa-neuisenburg.de\/en\/reservieren\/#primaryimage\",\"url\":\"https:\/\/morjkawa-neuisenburg.de\/wp-content\/uploads\/2024\/03\/icon-dining-white.png\",\"contentUrl\":\"https:\/\/morjkawa-neuisenburg.de\/wp-content\/uploads\/2024\/03\/icon-dining-white.png\"},{\"@type\":\"BreadcrumbList\",\"@id\":\"https:\/\/www.morjkawa-neuisenburg.de\/en\/reservieren\/#breadcrumb\",\"itemListElement\":[{\"@type\":\"ListItem\",\"position\":1,\"name\":\"Home\",\"item\":\"https:\/\/www.morjkawa-neuisenburg.de\/en\/\"},{\"@type\":\"ListItem\",\"position\":2,\"name\":\"Reservation\"}]},{\"@type\":\"WebSite\",\"@id\":\"https:\/\/www.morjkawa-neuisenburg.de\/en\/#website\",\"url\":\"https:\/\/www.morjkawa-neuisenburg.de\/en\/\",\"name\":\"MorjKawa Restaurant - Neu-Isenburg\",\"description\":\"\",\"publisher\":{\"@id\":\"https:\/\/www.morjkawa-neuisenburg.de\/en\/#organization\"},\"potentialAction\":[{\"@type\":\"SearchAction\",\"target\":{\"@type\":\"EntryPoint\",\"urlTemplate\":\"https:\/\/www.morjkawa-neuisenburg.de\/en\/?s={search_term_string}\"},\"query-input\":{\"@type\":\"PropertyValueSpecification\",\"valueRequired\":true,\"valueName\":\"search_term_string\"}}],\"inLanguage\":\"en-US\"},{\"@type\":\"Organization\",\"@id\":\"https:\/\/www.morjkawa-neuisenburg.de\/en\/#organization\",\"name\":\"MorjKawa Restaurant - Neu-Isenburg\",\"url\":\"https:\/\/www.morjkawa-neuisenburg.de\/en\/\",\"logo\":{\"@type\":\"ImageObject\",\"inLanguage\":\"en-US\",\"@id\":\"https:\/\/www.morjkawa-neuisenburg.de\/en\/#\/schema\/logo\/image\/\",\"url\":\"https:\/\/morjkawa-neuisenburg.de\/wp-content\/uploads\/2025\/04\/Morjkawa-Neuisenburg-Logo-Black-500px.webp\",\"contentUrl\":\"https:\/\/morjkawa-neuisenburg.de\/wp-content\/uploads\/2025\/04\/Morjkawa-Neuisenburg-Logo-Black-500px.webp\",\"width\":500,\"height\":500,\"caption\":\"MorjKawa Restaurant - Neu-Isenburg\"},\"image\":{\"@id\":\"https:\/\/www.morjkawa-neuisenburg.de\/en\/#\/schema\/logo\/image\/\"}}]}<\/script>\n<!-- \/ Yoast SEO plugin. -->","yoast_head_json":{"title":"Morjkawa Neuisenburg \u2013 Tisch reservieren im Asia-Restaurant","description":"Jetzt Tisch im Morjkawa Restaurant Neuisenburg reservieren \u2013 vietnamesische & japanische K\u00fcche, Sushi & asiatische Spezialit\u00e4ten in stilvollem Ambiente genie\u00dfen.","robots":{"index":"index","follow":"follow","max-snippet":"max-snippet:-1","max-image-preview":"max-image-preview:large","max-video-preview":"max-video-preview:-1"},"canonical":"https:\/\/www.morjkawa-neuisenburg.de\/en\/reservieren\/","og_locale":"en_US","og_type":"article","og_title":"Morjkawa Neuisenburg \u2013 Tisch reservieren im Asia-Restaurant","og_description":"Jetzt Tisch im Morjkawa Restaurant Neuisenburg reservieren \u2013 vietnamesische & japanische K\u00fcche, Sushi & asiatische Spezialit\u00e4ten in stilvollem Ambiente genie\u00dfen.","og_url":"https:\/\/www.morjkawa-neuisenburg.de\/en\/reservieren\/","og_site_name":"Morjkawa Neuisenburg","article_modified_time":"2025-05-11T08:51:56+00:00","og_image":[{"url":"https:\/\/morjkawa-neuisenburg.de\/wp-content\/uploads\/2024\/03\/icon-dining-white.png","type":"","width":"","height":""}],"twitter_card":"summary_large_image","twitter_misc":{"Est. reading time":"1 minute"},"schema":{"@context":"https:\/\/schema.org","@graph":[{"@type":"WebPage","@id":"https:\/\/www.morjkawa-neuisenburg.de\/en\/reservieren\/","url":"https:\/\/www.morjkawa-neuisenburg.de\/en\/reservieren\/","name":"Morjkawa Neuisenburg \u2013 Tisch reservieren im Asia-Restaurant","isPartOf":{"@id":"https:\/\/www.morjkawa-neuisenburg.de\/en\/#website"},"primaryImageOfPage":{"@id":"https:\/\/www.morjkawa-neuisenburg.de\/en\/reservieren\/#primaryimage"},"image":{"@id":"https:\/\/www.morjkawa-neuisenburg.de\/en\/reservieren\/#primaryimage"},"thumbnailUrl":"https:\/\/morjkawa-neuisenburg.de\/wp-content\/uploads\/2024\/03\/icon-dining-white.png","datePublished":"2023-12-10T08:46:32+00:00","dateModified":"2025-05-11T08:51:56+00:00","description":"Jetzt Tisch im Morjkawa Restaurant Neuisenburg reservieren \u2013 vietnamesische & japanische K\u00fcche, Sushi & asiatische Spezialit\u00e4ten in stilvollem Ambiente genie\u00dfen.","breadcrumb":{"@id":"https:\/\/www.morjkawa-neuisenburg.de\/en\/reservieren\/#breadcrumb"},"inLanguage":"en-US","potentialAction":[{"@type":"ReadAction","target":["https:\/\/www.morjkawa-neuisenburg.de\/en\/reservieren\/"]}]},{"@type":"ImageObject","inLanguage":"en-US","@id":"https:\/\/www.morjkawa-neuisenburg.de\/en\/reservieren\/#primaryimage","url":"https:\/\/morjkawa-neuisenburg.de\/wp-content\/uploads\/2024\/03\/icon-dining-white.png","contentUrl":"https:\/\/morjkawa-neuisenburg.de\/wp-content\/uploads\/2024\/03\/icon-dining-white.png"},{"@type":"BreadcrumbList","@id":"https:\/\/www.morjkawa-neuisenburg.de\/en\/reservieren\/#breadcrumb","itemListElement":[{"@type":"ListItem","position":1,"name":"Home","item":"https:\/\/www.morjkawa-neuisenburg.de\/en\/"},{"@type":"ListItem","position":2,"name":"Reservation"}]},{"@type":"WebSite","@id":"https:\/\/www.morjkawa-neuisenburg.de\/en\/#website","url":"https:\/\/www.morjkawa-neuisenburg.de\/en\/","name":"MorjKawa Restaurant - Neu-Isenburg","description":"","publisher":{"@id":"https:\/\/www.morjkawa-neuisenburg.de\/en\/#organization"},"potentialAction":[{"@type":"SearchAction","target":{"@type":"EntryPoint","urlTemplate":"https:\/\/www.morjkawa-neuisenburg.de\/en\/?s={search_term_string}"},"query-input":{"@type":"PropertyValueSpecification","valueRequired":true,"valueName":"search_term_string"}}],"inLanguage":"en-US"},{"@type":"Organization","@id":"https:\/\/www.morjkawa-neuisenburg.de\/en\/#organization","name":"MorjKawa Restaurant - Neu-Isenburg","url":"https:\/\/www.morjkawa-neuisenburg.de\/en\/","logo":{"@type":"ImageObject","inLanguage":"en-US","@id":"https:\/\/www.morjkawa-neuisenburg.de\/en\/#\/schema\/logo\/image\/","url":"https:\/\/morjkawa-neuisenburg.de\/wp-content\/uploads\/2025\/04\/Morjkawa-Neuisenburg-Logo-Black-500px.webp","contentUrl":"https:\/\/morjkawa-neuisenburg.de\/wp-content\/uploads\/2025\/04\/Morjkawa-Neuisenburg-Logo-Black-500px.webp","width":500,"height":500,"caption":"MorjKawa Restaurant - Neu-Isenburg"},"image":{"@id":"https:\/\/www.morjkawa-neuisenburg.de\/en\/#\/schema\/logo\/image\/"}}]}},"_links":{"self":[{"href":"https:\/\/www.morjkawa-neuisenburg.de\/en\/wp-json\/wp\/v2\/pages\/5431","targetHints":{"allow":["GET"]}}],"collection":[{"href":"https:\/\/www.morjkawa-neuisenburg.de\/en\/wp-json\/wp\/v2\/pages"}],"about":[{"href":"https:\/\/www.morjkawa-neuisenburg.de\/en\/wp-json\/wp\/v2\/types\/page"}],"author":[{"embeddable":true,"href":"https:\/\/www.morjkawa-neuisenburg.de\/en\/wp-json\/wp\/v2\/users\/1"}],"replies":[{"embeddable":true,"href":"https:\/\/www.morjkawa-neuisenburg.de\/en\/wp-json\/wp\/v2\/comments?post=5431"}],"version-history":[{"count":4,"href":"https:\/\/www.morjkawa-neuisenburg.de\/en\/wp-json\/wp\/v2\/pages\/5431\/revisions"}],"predecessor-version":[{"id":5435,"href":"https:\/\/www.morjkawa-neuisenburg.de\/en\/wp-json\/wp\/v2\/pages\/5431\/revisions\/5435"}],"wp:attachment":[{"href":"https:\/\/www.morjkawa-neuisenburg.de\/en\/wp-json\/wp\/v2\/media?parent=5431"}],"curies":[{"name":"wp","href":"https:\/\/api.w.org\/{rel}","templated":true}]}}